{"id":1161,"date":"2023-06-27T12:01:50","date_gmt":"2023-06-27T17:01:50","guid":{"rendered":"https:\/\/qualitasas.com\/?page_id=1161"},"modified":"2025-06-06T17:38:31","modified_gmt":"2025-06-06T22:38:31","slug":"pqr","status":"publish","type":"page","link":"https:\/\/qualitasas.com\/index.php\/pqr\/","title":{"rendered":"PQR"},"content":{"rendered":"\n<div class=\"section-wrapper\" data-id=\"C39MER\"><section class=\"wp-block-gutenverse-section guten-element guten-section guten-C39MER layout-boxed align-stretch\"><div class=\"guten-background-overlay\"><\/div><div class=\"guten-shape-divider guten-shape-divider-top\"><\/div><div class=\"guten-shape-divider guten-shape-divider-bottom\"><\/div><div class=\"guten-container guten-column-gap-default\">\n<div class=\"wp-block-gutenverse-column guten-element guten-column guten-tehRHx\"><div class=\"guten-background-overlay\"><\/div><div class=\"sticky-wrapper\" data-id=\"tehRHx\"><div class=\"guten-column-wrapper\">\n<div class=\"section-wrapper\" data-id=\"3Hx2so\"><section class=\"wp-block-gutenverse-section guten-element guten-section guten-3Hx2so layout-boxed align-stretch\"><div class=\"guten-background-overlay\"><\/div><div class=\"guten-shape-divider guten-shape-divider-top\"><\/div><div class=\"guten-shape-divider guten-shape-divider-bottom\"><\/div><div class=\"guten-container guten-column-gap-default\">\n<div class=\"wp-block-gutenverse-column guten-element guten-column guten-7sjAJ9\"><div class=\"guten-background-overlay\"><\/div><div class=\"sticky-wrapper\" data-id=\"7sjAJ9\"><div class=\"guten-column-wrapper\">\n<h2 class=\"wp-block-gutenverse-heading guten-element guten-GNtEb6\">Solicitud de PQR<\/h2>\n\n\n\n<h4 class=\"wp-block-gutenverse-heading guten-element guten-Tq6J04\">En este espacio podr\u00e1s radicar una PQR( petici\u00f3n, queja o reclamo), recuerda llenar tus datos correctos ya que se validara la informaci\u00f3n del cliente o usuario, si no es valida se har\u00e1 caso omiso.<\/h4>\n<\/div><\/div><\/div>\n<\/div><\/section><\/div>\n\n\n<div class=\"forminator-ui forminator-custom-form forminator-custom-form-1166 forminator-design--default  forminator_ajax\" data-forminator-render=\"0\" data-form=\"forminator-module-1166\" data-uid=\"69f43b2465903\"><br\/><\/div><form\n\t\t\t\tid=\"forminator-module-1166\"\n\t\t\t\tclass=\"forminator-ui forminator-custom-form forminator-custom-form-1166 forminator-design--default  forminator_ajax\"\n\t\t\t\tmethod=\"post\"\n\t\t\t\tdata-forminator-render=\"0\"\n\t\t\t\tdata-form-id=\"1166\"\n\t\t\t\t data-color-option=\"default\" data-design=\"default\" data-grid=\"open\" style=\"display: none;\"\n\t\t\t\tdata-uid=\"69f43b2465903\"\n\t\t\t><div role=\"alert\" aria-live=\"polite\" class=\"forminator-response-message forminator-error\" aria-hidden=\"true\"><\/div><div class=\"forminator-row\"><div id=\"name-1\" class=\"forminator-field-name forminator-col forminator-col-12 \"><div class=\"forminator-field\"><label for=\"forminator-field-name-1_69f43b2465903\" id=\"forminator-field-name-1_69f43b2465903-label\" class=\"forminator-label\">Nombre completo <span class=\"forminator-required\">*<\/span><\/label><input type=\"text\" name=\"name-1\" value=\"\" placeholder=\"Ejemplo: Juan\" id=\"forminator-field-name-1_69f43b2465903\" class=\"forminator-input forminator-name--field\" aria-required=\"true\" autocomplete=\"name\" \/><\/div><\/div><\/div><div class=\"forminator-row\"><div id=\"phone-2\" class=\"forminator-field-phone forminator-col forminator-col-12 \"><div class=\"forminator-field\"><label for=\"forminator-field-phone-2_69f43b2465903\" id=\"forminator-field-phone-2_69f43b2465903-label\" class=\"forminator-label\">C\u00e9dula <span class=\"forminator-required\">*<\/span><\/label><input type=\"text\" name=\"phone-2\" value=\"\" placeholder=\"Ejemplo: 40932834\" id=\"forminator-field-phone-2_69f43b2465903\" class=\"forminator-input forminator-field--phone\" data-required=\"1\" aria-required=\"true\" autocomplete=\"off\" \/><\/div><\/div><\/div><div class=\"forminator-row\"><div id=\"email-1\" class=\"forminator-field-email forminator-col forminator-col-12 \"><div class=\"forminator-field\"><label for=\"forminator-field-email-1_69f43b2465903\" id=\"forminator-field-email-1_69f43b2465903-label\" class=\"forminator-label\">Correo electr\u00f3nico <span class=\"forminator-required\">*<\/span><\/label><input type=\"email\" name=\"email-1\" value=\"\" placeholder=\"Ejemplo: miguel@hotmail.com\" id=\"forminator-field-email-1_69f43b2465903\" class=\"forminator-input forminator-email--field\" data-required=\"true\" aria-required=\"true\" autocomplete=\"email\" aria-describedby=\"forminator-field-email-1_69f43b2465903-description\" \/><span id=\"forminator-field-email-1_69f43b2465903-description\" class=\"forminator-description\">Se dar\u00e1 respuesta de la PQR a este correo<\/span><\/div><\/div><\/div><div class=\"forminator-row\"><div id=\"phone-1\" class=\"forminator-field-phone forminator-col forminator-col-12 \"><div class=\"forminator-field\"><label for=\"forminator-field-phone-1_69f43b2465903\" id=\"forminator-field-phone-1_69f43b2465903-label\" class=\"forminator-label\">Tel\u00e9fono o celular <span class=\"forminator-required\">*<\/span><\/label><input type=\"text\" name=\"phone-1\" value=\"\" placeholder=\"Ejemplo: 300 0000000\" id=\"forminator-field-phone-1_69f43b2465903\" class=\"forminator-input forminator-field--phone\" data-required=\"1\" aria-required=\"true\" autocomplete=\"off\" \/><\/div><\/div><\/div><div class=\"forminator-row\"><div id=\"select-1\" class=\"forminator-field-select forminator-col forminator-col-12 \"><div class=\"forminator-field\"><label for=\"forminator-form-1166__field--select-1_69f43b2465903\" id=\"forminator-form-1166__field--select-1_69f43b2465903-label\" class=\"forminator-label\">Seleccionar PQR <span class=\"forminator-required\">*<\/span><\/label><select  id=\"forminator-form-1166__field--select-1_69f43b2465903\" class=\"forminator-select--field forminator-select2 forminator-select2-multiple\" data-required=\"1\" name=\"select-1\" data-default-value=\"\" data-hidden-behavior=\"zero\" data-placeholder=\"Seleccionar PQR\" data-search=\"false\" data-search-placeholder=\"Seleccionar PQR\" data-checkbox=\"false\" data-allow-clear=\"false\" aria-labelledby=\"forminator-form-1166__field--select-1_69f43b2465903-label\"><option value=\"\"  >Seleccionar PQR<\/option><option value=\"one\"  data-calculation=\"0\">Petici\u00f3n<\/option><option value=\"two\"  data-calculation=\"0\">Queja<\/option><option value=\"Recurso\"  data-calculation=\"0\">Reclamo<\/option><\/select><\/div><\/div><\/div><div class=\"forminator-row\"><div id=\"textarea-1\" class=\"forminator-field-textarea forminator-col forminator-col-12 \"><div class=\"forminator-field\"><label for=\"forminator-field-textarea-1_69f43b2465903\" id=\"forminator-field-textarea-1_69f43b2465903-label\" class=\"forminator-label\">Motivo de tu PQR <span class=\"forminator-required\">*<\/span><\/label><textarea name=\"textarea-1\" placeholder=\"Motivo de tu PQR\" id=\"forminator-field-textarea-1_69f43b2465903\" class=\"forminator-textarea\" rows=\"6\" style=\"min-height:140px;\" ><\/textarea><\/div><\/div><\/div><input type=\"hidden\" name=\"referer_url\" value=\"\" \/><div class=\"forminator-row forminator-row-last\"><div class=\"forminator-col\"><div class=\"forminator-field\"><button class=\"forminator-button forminator-button-submit\">Enviar PQR<\/button><\/div><\/div><\/div><input type=\"hidden\" id=\"forminator_nonce\" name=\"forminator_nonce\" value=\"d21daa50a5\" \/><input type=\"hidden\" name=\"_wp_http_referer\" value=\"\/index.php\/wp-json\/wp\/v2\/pages\/1161\" \/><input type=\"hidden\" name=\"form_id\" value=\"1166\"><input type=\"hidden\" name=\"page_id\" value=\"1161\"><input type=\"hidden\" name=\"form_type\" value=\"default\"><input type=\"hidden\" name=\"current_url\" value=\"https:\/\/qualitasas.com\/index.php\/pqr\/\"><input type=\"hidden\" name=\"render_id\" value=\"0\"><input type=\"hidden\" name=\"action\" value=\"forminator_submit_form_custom-forms\"><\/form>\n\n\n\n<div class=\"guten-element gutenverse-text-editor guten-9zlJwS\"><div class=\"text-content-inner\">\n<p class=\"has-large-font-size\">Nota: el plazo estimado de respuesta a la solicitud es de 15 a 25 d\u00edas como m\u00e1ximo.<\/p>\n<\/div><\/div>\n<\/div><\/div><\/div>\n<\/div><\/section><\/div>\n","protected":false},"excerpt":{"rendered":"","protected":false},"author":1,"featured_media":0,"parent":0,"menu_order":0,"comment_status":"closed","ping_status":"closed","template":"","meta":{"_eb_attr":"","footnotes":""},"class_list":["post-1161","page","type-page","status-publish","hentry"],"_links":{"self":[{"href":"https:\/\/qualitasas.com\/index.php\/wp-json\/wp\/v2\/pages\/1161","targetHints":{"allow":["GET"]}}],"collection":[{"href":"https:\/\/qualitasas.com\/index.php\/wp-json\/wp\/v2\/pages"}],"about":[{"href":"https:\/\/qualitasas.com\/index.php\/wp-json\/wp\/v2\/types\/page"}],"author":[{"embeddable":true,"href":"https:\/\/qualitasas.com\/index.php\/wp-json\/wp\/v2\/users\/1"}],"replies":[{"embeddable":true,"href":"https:\/\/qualitasas.com\/index.php\/wp-json\/wp\/v2\/comments?post=1161"}],"version-history":[{"count":8,"href":"https:\/\/qualitasas.com\/index.php\/wp-json\/wp\/v2\/pages\/1161\/revisions"}],"predecessor-version":[{"id":1395,"href":"https:\/\/qualitasas.com\/index.php\/wp-json\/wp\/v2\/pages\/1161\/revisions\/1395"}],"wp:attachment":[{"href":"https:\/\/qualitasas.com\/index.php\/wp-json\/wp\/v2\/media?parent=1161"}],"curies":[{"name":"wp","href":"https:\/\/api.w.org\/{rel}","templated":true}]}}